{"id":3,"date":"2019-04-18T16:37:12","date_gmt":"2019-04-18T14:37:12","guid":{"rendered":"http:\/\/www.pmp-meccanica.it\/?page_id=3-old"},"modified":"2024-01-25T19:11:24","modified_gmt":"2024-01-25T17:11:24","slug":"privacy-policy-before-import","status":"publish","type":"page","link":"http:\/\/www.pmp-meccanica.it\/?page_id=3","title":{"rendered":"Note Legali e Privacy"},"content":{"rendered":"\t\t<div data-elementor-type=\"wp-page\" data-elementor-id=\"3\" class=\"elementor elementor-3\">\n\t\t\t\t\t\t<section class=\"elementor-section elementor-top-section elementor-element elementor-element-70a369b8 elementor-section-boxed elementor-section-height-default elementor-section-height-default\" data-id=\"70a369b8\" data-element_type=\"section\">\n\t\t\t\t\t\t<div class=\"elementor-container elementor-column-gap-default\">\n\t\t\t\t\t<div class=\"elementor-column elementor-col-100 elementor-top-column elementor-element elementor-element-7ff9f127\" data-id=\"7ff9f127\" data-element_type=\"column\">\n\t\t\t<div class=\"elementor-widget-wrap elementor-element-populated\">\n\t\t\t\t\t\t<div class=\"elementor-element elementor-element-2ea405db elementor-widget elementor-widget-text-editor\" data-id=\"2ea405db\" data-element_type=\"widget\" data-widget_type=\"text-editor.default\">\n\t\t\t\t<div class=\"elementor-widget-container\">\n\t\t\t\t\t\t\t\t\t<h1><strong>Privacy Policy per i visitatori del portale <\/strong><\/h1>\n<p>La presente Privacy Policy ha lo scopo di descrivere le modalit\u00e0 di gestione ed i termini di\u00a0utilizzo del portale www.pmp-meccanica.it, in riferimento al trattamento dei dati personali degli utenti\/visitatori che lo consultano.<\/p>\n<p>L\u2019informativa \u00e8 resa anche ai sensi dell\u2019 <strong>art. 13 del D.lgs. 196\/03<\/strong> (\u201cCodice in materia di protezione dei dati personali\u201d).<\/p>\n<p>L\u2019informativa \u00e8 resa solo per il sito www.pmp-meccanica.it e non per altri siti web eventualmente consultati dall\u2019utente tramite link. Altri indirizzi internet cui questo portale pu\u00f2 eventualmente rinviare potrebbero contenere sistemi di tracciamento ai quali il titolare del sito \u00e8 estraneo. Non si garantisce che tali siti esterni siano dotati di idonei sistemi di sicurezza diretti a tutelare i dati trattati ed a prevenire danni (ad es. da virus informatici).<\/p>\n<p>Gli utenti\/visitatori del sito dovranno leggere attentamente la presente Privacy Policy prima di comunicare qualsiasi tipo di informazione\/dato personale e\/o compilare qualunque modulo elettronico presente sul sito.<\/p>\n<h1><strong>Clausola di esclusione di responsabilit\u00e0<\/strong><\/h1>\n<p>I testi, le informazioni e gli altri dati pubblicati in questo sito nonch\u00e8 i link ad altri siti presenti sul web hanno esclusivamente scopo informativo e non assumono alcun carattere di ufficialit\u00e0.<\/p>\n<p><em>PMP meccanica srl <\/em>non assume alcuna responsabilit\u00e0 per eventuali errori\u00a0ed omissioni di qualsiasi tipo e per qualunque tipo di danno diretto, indiretto o accidentale derivante dalla lettura o dall&#8217;impiego delle informazioni pubblicate, o di qualsiasi forma di contenuto presente nel sito o per l&#8217;accesso o l&#8217;uso del materiale contenuto in altri siti ad esso collegati.<\/p>\n<p>La presente clausola di esclusione di responsabilit\u00e0 non ha lo scopo di eludere il rispetto di requisiti prescritti dalla legislazione nazionale vigente, n\u00e9 di escludere la responsabilit\u00e0 nei casi per i quali essa sussiste ai sensi della stessa legislazione.<\/p>\n<h1><strong>Copyright<\/strong><\/h1>\n<p>Le immagini, i loghi (compreso il logo di <em>PMP meccanica srl<\/em>), i marchi registrati e gli altri contenuti di propriet\u00e0 di terzi appartengono ai rispettivi proprietari e non possono essere riprodotti senza il loro consenso.<\/p>\n<h1><strong>Contenuti<\/strong><\/h1>\n<p>I contenuti (testi, articoli, immagini, presentazioni, media) pubblicati dagli autori nell&#8217;area di blog non sono protetti da Copyright e salvo, quando indicato specificatamente dai singoli autori, sono soggetti al criterio d\u2019uso <a href=\"https:\/\/creativecommons.org\/licenses\/by-sa\/3.0\/deed.it\">Creative Commons BY-SA<\/a>. Qualora si ritenesse che qualsivoglia contenuto abbia potuto violare i diritti di copyright ad insaputa dell\u2019autore della pubblicazione, a seguito di segnalazioni pervenute e dopo le opportune verifiche di censura, si provveder\u00e0 alla sua rimozione.<\/p>\n<p>L\u2019area di blog contenente informazioni, segnalazioni, eventi,documenti, articoli, proposte ed elementi di discussione viene aggiornata senza alcuna periodicit\u00e0, la frequenza dei post non \u00e8 prestabilita e non pu\u00f2 considerarsi un prodotto editoriale n\u00e9 \u00e8 contraddistinto da una testata giornalistica ai sensi della legge n. 62 del 07\/03\/2001.<\/p>\n<h1><strong>Tipologia dei dati trattati e finalit\u00e0 del trattamento <\/strong><\/h1>\n<p>Le tipologie di dati personali trattati sono identificabili nei dati di navigazione, nei dati forniti volontariamente dagli utenti\/visitatori del portale, dai cookies.<\/p>\n<p><strong>Dati di navigazione <\/strong><\/p>\n<p>I sistemi informatici e le procedure software preposte al funzionamento di questo portale acquisiscono, nel normale esercizio, alcuni dati personali che vengono poi trasmessi implicitamente nell\u2019uso dei protocolli di comunicazione Internet.<\/p>\n<p>Tali informazioni per loro natura potrebbero, mediante associazioni ed elaborazioni con dati detenuti da terzi, permettere di identificare gli utenti\/visitatori (ad es. indirizzo IP, nomi di dominio dei computer utilizzati dagli utenti\/visitatori che si collegano al sito).<\/p>\n<p>Questi dati vengono utilizzati solo per un uso statistico (e, sono, quindi, anonimi) e per controllare il corretto funzionamento del portale.<\/p>\n<p>Nessun dato derivante dal servizio web verr\u00e0 comunicato o diffuso.<\/p>\n<p><strong>Dati forniti volontariamente dagli utenti\/visitatori<\/strong><\/p>\n<p>Salvo quanto specificato per i dati di navigazione, gli utenti\/visitatori sono liberi di fornire i propri dati personali. Il mancato conferimento di questi ultimi comporter\u00e0 unicamente l\u2019impossibilit\u00e0 da parte di <em>PMP meccanica srl <\/em>di evadere le richieste di informazioni e documentazione e di fornire il servizio.<\/p>\n<p><strong>Cookies<\/strong><\/p>\n<p>Sul presente sito, non viene fatto uso di cookies per la trasmissione di informazioni di carattere personale, n\u00e9 vengono utilizzati c.d. cookies persistenti di alcun tipo, ovvero sistemi per il tracciamento degli utenti.<\/p>\n<p>L\u2019eventuale uso di cookies di sessione (che non vengono memorizzati in modo persistente sul computer dell\u2019utente e svaniscono con la chiusura del browser) \u00e8 strettamente limitato alla trasmissione di identificativi di sessione (costituiti da numeri casuali generati dal server) necessari per consentire l\u2019esplorazione sicura ed efficiente del portale.<\/p>\n<p><strong>Modalit\u00e0 del trattamento <\/strong><\/p>\n<p>Il trattamento viene effettuato attraverso strumenti automatizzati (ad es. utilizzando procedure e supporti elettronici) e\/o manualmente (ad es. su supporto cartaceo) per il tempo strettamente necessario a conseguire gli scopi per i quali i dati sono stati raccolti e, comunque, in conformit\u00e0 alle disposizioni normative vigenti in materia.<\/p>\n<p>Specifiche misure di sicurezza sono osservate per prevenire la perdita dei dati, usi illeciti o non corretti ed accessi non autorizzati.<\/p>\n<p><strong>Facoltativit\u00e0 del conferimento dei dati personali <\/strong><\/p>\n<p>Salvo quanto specificato per i dati di navigazione, gli utenti\/visitatori sono liberi di fornire i propri dati personali. Il mancato conferimento di questi ultimi comporter\u00e0 unicamente l\u2019impossibilit\u00e0 da parte di <em>PMP meccanica srl<\/em> di evadere le richieste di informazioni e documentazione e di fornire il servizio.<\/p>\n<p>Gli Interessati quindi non dovranno conferire \u201d dati sensibili \u201d e \u201d dati giudiziari \u201c.<\/p>\n<p>Ricordiamo che per \u201d dati sensibili \u201d si intendono i dati personali idonei a rivelare l\u2019origine razziale ed etnica, le convinzioni religiose, filosofiche o di altro genere, le opinioni politiche, l\u2019adesione a partiti, sindacati, associazioni od organizzazioni a carattere religioso, filosofico, politico o sindacale, nonch\u00e9 i dati personali idonei a rivelare lo stato di salute e la vita sessuale. Per \u201d dati giudiziari \u201d si intendono i dati personali idonei a rivelare provvedimenti di cui all\u2019art. 3, comma 1, lettere da a) a o) e da r) a u), del d.P.R. 14 novembre 2002, n. 313, in materia di casellario giudiziale, di anagrafe delle sanzioni amministrative dipendenti da reato e dei relativi carichi pendenti, o la qualit\u00e0 di imputato o di indagato ai sensi degli art. 60 e 61 del codice di procedura penale.<\/p>\n<p>Pertanto, eventuali curricula contenenti dati sensibili o giudiziari verranno immediatamente rimossi da www.pmp-meccanica.it.<\/p>\n<p><strong>Titolare, Responsabile ed Incaricati del trattamento<\/strong><\/p>\n<p>Il Titolare del trattamento \u00e8 <em>PMP meccanica srl<\/em>, con sede in Via Masetti 3\/a, 40012 Calderara di Reno (BO).<\/p>\n<p>All&#8217;interno dell&#8217;organizzazione di <em>PMP meccanica srl <\/em>i dati che la riguardano saranno trattati sotto la diretta autorit\u00e0 del Responsabile del trattamento, individuato nella persona del Responsabile del trattamento dei dati. Inoltre, i dati forniti dagli utenti\/visitatori saranno trattati dalle societ\u00e0 incaricate da <em>PMP meccanica srl <\/em>per i soli fini della gestione, aggiornamento e manutenzione del sito.<\/p>\n<p><strong>Soggetti cui i dati personali possono essere comunicati<\/strong><\/p>\n<p>I suoi dati personali potranno essere comunicati ad altre organizzazioni della rete e\/o a terzi soggetti di cui <em>PMP meccanica srl <\/em>si avvalga per specifici servizi di consulenza ed elaborazione dati.<\/p>\n<p><strong>Diritti degli interessati<\/strong><\/p>\n<p>Ai sensi dell\u2019art. 7 del D.lgs. 196\/03, i soggetti cui si riferiscono i dati personali hanno, in qualunque momento, il diritto di ottenere la conferma dell\u2019esistenza dei dati stessi e di conoscerne il contenuto e l\u2019origine, verificarne l\u2019esattezza o chiederne l\u2019integrazione, l\u2019aggiornamento o la rettifica. Ai sensi del medesimo articolo, tali soggetti hanno il diritto di chiedere la cancellazione, la trasformazione in forma anonima o il blocco dei dati trattati in violazione delle disposizioni di legge, nonch\u00e9 di opporsi, in ogni caso, per motivi legittimi al loro trattamento.<\/p>\n<p>Scrivi a: <a href=\"mailto:info@pmp-meccanica.it\">info@pmp-meccanica.it<\/a> per esercitare i tuoi diritti.<\/p>\n\t\t\t\t\t\t\t\t<\/div>\n\t\t\t\t<\/div>\n\t\t\t\t\t<\/div>\n\t\t<\/div>\n\t\t\t\t\t<\/div>\n\t\t<\/section>\n\t\t\t\t<\/div>\n\t\t","protected":false},"excerpt":{"rendered":"<p>Privacy Policy per i visitatori del portale La presente Privacy Policy ha lo scopo di descrivere le modalit\u00e0 di gestione ed i termini di\u00a0utilizzo del portale www.pmp-meccanica.it, in riferimento al trattamento dei dati personali degli utenti\/visitatori che lo consultano. L\u2019informativa<\/p>\n","protected":false},"author":1,"featured_media":0,"parent":370,"menu_order":11,"comment_status":"closed","ping_status":"closed","template":"","meta":{"ngg_post_thumbnail":0,"footnotes":""},"class_list":["post-3","page","type-page","status-publish","hentry"],"_links":{"self":[{"href":"http:\/\/www.pmp-meccanica.it\/index.php?rest_route=\/wp\/v2\/pages\/3","targetHints":{"allow":["GET"]}}],"collection":[{"href":"http:\/\/www.pmp-meccanica.it\/index.php?rest_route=\/wp\/v2\/pages"}],"about":[{"href":"http:\/\/www.pmp-meccanica.it\/index.php?rest_route=\/wp\/v2\/types\/page"}],"author":[{"embeddable":true,"href":"http:\/\/www.pmp-meccanica.it\/index.php?rest_route=\/wp\/v2\/users\/1"}],"replies":[{"embeddable":true,"href":"http:\/\/www.pmp-meccanica.it\/index.php?rest_route=%2Fwp%2Fv2%2Fcomments&post=3"}],"version-history":[{"count":9,"href":"http:\/\/www.pmp-meccanica.it\/index.php?rest_route=\/wp\/v2\/pages\/3\/revisions"}],"predecessor-version":[{"id":1752,"href":"http:\/\/www.pmp-meccanica.it\/index.php?rest_route=\/wp\/v2\/pages\/3\/revisions\/1752"}],"up":[{"embeddable":true,"href":"http:\/\/www.pmp-meccanica.it\/index.php?rest_route=\/wp\/v2\/pages\/370"}],"wp:attachment":[{"href":"http:\/\/www.pmp-meccanica.it\/index.php?rest_route=%2Fwp%2Fv2%2Fmedia&parent=3"}],"curies":[{"name":"wp","href":"https:\/\/api.w.org\/{rel}","templated":true}]}}