{"id":57,"date":"2019-04-18T11:47:28","date_gmt":"2019-04-18T09:47:28","guid":{"rendered":"https:\/\/provalella.wordpress.com\/?page_id=57-old"},"modified":"2025-06-19T11:15:52","modified_gmt":"2025-06-19T09:15:52","slug":"certificazioni-before-import","status":"publish","type":"page","link":"http:\/\/www.pmp-meccanica.it\/?page_id=57","title":{"rendered":"Certificazioni"},"content":{"rendered":"\t\t<div data-elementor-type=\"wp-post\" data-elementor-id=\"57\" class=\"elementor elementor-57\">\n\t\t\t\t\t\t<section class=\"elementor-section elementor-top-section elementor-element elementor-element-6fd630f0 elementor-section-boxed elementor-section-height-default elementor-section-height-default\" data-id=\"6fd630f0\" data-element_type=\"section\">\n\t\t\t\t\t\t<div class=\"elementor-container elementor-column-gap-default\">\n\t\t\t\t\t<div class=\"elementor-column elementor-col-100 elementor-top-column elementor-element elementor-element-1c83c0f2\" data-id=\"1c83c0f2\" data-element_type=\"column\">\n\t\t\t<div class=\"elementor-widget-wrap elementor-element-populated\">\n\t\t\t\t\t\t<div class=\"elementor-element elementor-element-4146ef89 elementor-widget elementor-widget-heading\" data-id=\"4146ef89\" data-element_type=\"widget\" data-widget_type=\"heading.default\">\n\t\t\t\t<div class=\"elementor-widget-container\">\n\t\t\t\t\t<h2 class=\"elementor-heading-title elementor-size-xl\">La garanzia della qualit\u00e0<\/h2>\t\t\t\t<\/div>\n\t\t\t\t<\/div>\n\t\t\t\t\t<\/div>\n\t\t<\/div>\n\t\t\t\t\t<\/div>\n\t\t<\/section>\n\t\t\t\t<section class=\"elementor-section elementor-top-section elementor-element elementor-element-548d16b5 elementor-section-full_width elementor-section-height-default elementor-section-height-default\" data-id=\"548d16b5\" data-element_type=\"section\">\n\t\t\t\t\t\t<div class=\"elementor-container elementor-column-gap-default\">\n\t\t\t\t\t<div class=\"elementor-column elementor-col-100 elementor-top-column elementor-element elementor-element-382bc671\" data-id=\"382bc671\" data-element_type=\"column\">\n\t\t\t<div class=\"elementor-widget-wrap elementor-element-populated\">\n\t\t\t\t\t\t<div class=\"elementor-element elementor-element-ae11a62 elementor-widget-divider--view-line elementor-widget elementor-widget-divider\" data-id=\"ae11a62\" data-element_type=\"widget\" data-widget_type=\"divider.default\">\n\t\t\t\t<div class=\"elementor-widget-container\">\n\t\t\t\t\t\t\t<div class=\"elementor-divider\">\n\t\t\t<span class=\"elementor-divider-separator\">\n\t\t\t\t\t\t<\/span>\n\t\t<\/div>\n\t\t\t\t\t\t<\/div>\n\t\t\t\t<\/div>\n\t\t\t\t\t<\/div>\n\t\t<\/div>\n\t\t\t\t\t<\/div>\n\t\t<\/section>\n\t\t\t\t<section class=\"elementor-section elementor-top-section elementor-element elementor-element-6dd43fd elementor-section-boxed elementor-section-height-default elementor-section-height-default\" data-id=\"6dd43fd\" data-element_type=\"section\">\n\t\t\t\t\t\t<div class=\"elementor-container elementor-column-gap-default\">\n\t\t\t\t\t<div class=\"elementor-column elementor-col-50 elementor-top-column elementor-element elementor-element-a03fa5f\" data-id=\"a03fa5f\" data-element_type=\"column\">\n\t\t\t<div class=\"elementor-widget-wrap elementor-element-populated\">\n\t\t\t\t\t\t<div class=\"elementor-element elementor-element-106c1e1 elementor-widget elementor-widget-text-editor\" data-id=\"106c1e1\" data-element_type=\"widget\" data-widget_type=\"text-editor.default\">\n\t\t\t\t<div class=\"elementor-widget-container\">\n\t\t\t\t\t\t\t\t\t<p>Quello che da sempre identifica sul mercato PMP Meccanica srl \u00e8 la qualit\u00e0 del prodotto.<br \/>Che si parli di stampaggio lamiera o di lavorazioni meccaniche \u00e8 nostro impegno quotidiano fare in modo che il motto \u201cPossiamo fare tutto quello che possiamo misurare\u201d non risulti soltanto uno slogan, ma che sia l\u2019elemento distintivo di ogni progetto, ogni ciclo produttivo e quindi di ogni particolare da noi prodotto.<br \/>Siamo convinti che l\u2019unico modo per garantire un prodotto conforme agli alti standard qualitativi che ci vengono quotidianamente richiesti sia quello di avere sotto controllo l\u2019intero processo produttivo in ogni sua singola fase;<\/p>\t\t\t\t\t\t\t\t<\/div>\n\t\t\t\t<\/div>\n\t\t\t\t\t<\/div>\n\t\t<\/div>\n\t\t\t\t<div class=\"elementor-column elementor-col-50 elementor-top-column elementor-element elementor-element-1ac9c30\" data-id=\"1ac9c30\" data-element_type=\"column\">\n\t\t\t<div class=\"elementor-widget-wrap elementor-element-populated\">\n\t\t\t\t\t\t<div class=\"elementor-element elementor-element-9b459c5 elementor-widget elementor-widget-text-editor\" data-id=\"9b459c5\" data-element_type=\"widget\" data-widget_type=\"text-editor.default\">\n\t\t\t\t<div class=\"elementor-widget-container\">\n\t\t\t\t\t\t\t\t\t<p>ci\u00f2 \u00e8 realizzabile soltanto attraverso rigidi controlli che vengono eseguiti passo passo durante le fasi di lavorazione da operatori competenti attribuendo quindi alle fase finale di collaudo la funzione di cartina torna-sole della qualit\u00e0 espressa durante tutto il ciclo delle lavorazioni.<br \/>La certificazione secondo norma DIN EN ISO 9001: 2015, periodiche calibrazioni di tutti gli strumenti di misura presenti in azienda, e la formazione del personale interessato sono solo alcuni esempi concreti del controllo qualit\u00e0 PMP Meccanica <\/p>\t\t\t\t\t\t\t\t<\/div>\n\t\t\t\t<\/div>\n\t\t\t\t\t<\/div>\n\t\t<\/div>\n\t\t\t\t\t<\/div>\n\t\t<\/section>\n\t\t\t\t<section class=\"elementor-section elementor-top-section elementor-element elementor-element-c940352 elementor-section-boxed elementor-section-height-default elementor-section-height-default\" data-id=\"c940352\" data-element_type=\"section\">\n\t\t\t\t\t\t<div class=\"elementor-container elementor-column-gap-default\">\n\t\t\t\t\t<div class=\"elementor-column elementor-col-100 elementor-top-column elementor-element elementor-element-f578f85\" data-id=\"f578f85\" data-element_type=\"column\">\n\t\t\t<div class=\"elementor-widget-wrap elementor-element-populated\">\n\t\t\t\t\t\t<div class=\"elementor-element elementor-element-2ef49f1 elementor-widget elementor-widget-heading\" data-id=\"2ef49f1\" data-element_type=\"widget\" data-widget_type=\"heading.default\">\n\t\t\t\t<div class=\"elementor-widget-container\">\n\t\t\t\t\t<h4 class=\"elementor-heading-title elementor-size-default\"><a href=\"\/wp-content\/uploads\/2025\/05\/SurveyCertificate_P.M.P.-MECCANICA-SRL_23_05_2025-1.pdf\">Survey Certificate<\/a><\/h4>\t\t\t\t<\/div>\n\t\t\t\t<\/div>\n\t\t\t\t\t<\/div>\n\t\t<\/div>\n\t\t\t\t\t<\/div>\n\t\t<\/section>\n\t\t\t\t<section class=\"elementor-section elementor-top-section elementor-element elementor-element-5b20a63c elementor-section-boxed elementor-section-height-default elementor-section-height-default\" data-id=\"5b20a63c\" data-element_type=\"section\">\n\t\t\t\t\t\t<div class=\"elementor-container elementor-column-gap-default\">\n\t\t\t\t\t<div class=\"elementor-column elementor-col-100 elementor-top-column elementor-element elementor-element-7796dfda\" data-id=\"7796dfda\" data-element_type=\"column\">\n\t\t\t<div class=\"elementor-widget-wrap elementor-element-populated\">\n\t\t\t\t\t\t<div class=\"elementor-element elementor-element-17e314a elementor-widget elementor-widget-image\" data-id=\"17e314a\" data-element_type=\"widget\" data-widget_type=\"image.default\">\n\t\t\t\t<div class=\"elementor-widget-container\">\n\t\t\t\t\t\t\t\t\t\t\t\t\t\t\t<img fetchpriority=\"high\" decoding=\"async\" width=\"724\" height=\"1024\" src=\"http:\/\/www.pmp-meccanica.it\/wp-content\/uploads\/2024\/02\/ISO-9001-CERT-05670-2000-AQ-BOL-SINCERT-6-en-US-20240119-202401191127321-724x1024.jpg\" class=\"attachment-large size-large wp-image-1759\" alt=\"\" srcset=\"http:\/\/www.pmp-meccanica.it\/wp-content\/uploads\/2024\/02\/ISO-9001-CERT-05670-2000-AQ-BOL-SINCERT-6-en-US-20240119-202401191127321-724x1024.jpg 724w, http:\/\/www.pmp-meccanica.it\/wp-content\/uploads\/2024\/02\/ISO-9001-CERT-05670-2000-AQ-BOL-SINCERT-6-en-US-20240119-202401191127321-212x300.jpg 212w, http:\/\/www.pmp-meccanica.it\/wp-content\/uploads\/2024\/02\/ISO-9001-CERT-05670-2000-AQ-BOL-SINCERT-6-en-US-20240119-202401191127321-768x1087.jpg 768w, http:\/\/www.pmp-meccanica.it\/wp-content\/uploads\/2024\/02\/ISO-9001-CERT-05670-2000-AQ-BOL-SINCERT-6-en-US-20240119-202401191127321-1085x1536.jpg 1085w, http:\/\/www.pmp-meccanica.it\/wp-content\/uploads\/2024\/02\/ISO-9001-CERT-05670-2000-AQ-BOL-SINCERT-6-en-US-20240119-202401191127321-scaled.jpg 1809w\" sizes=\"(max-width: 724px) 100vw, 724px\" \/>\t\t\t\t\t\t\t\t\t\t\t\t\t\t\t<\/div>\n\t\t\t\t<\/div>\n\t\t\t\t\t<\/div>\n\t\t<\/div>\n\t\t\t\t\t<\/div>\n\t\t<\/section>\n\t\t\t\t<section class=\"elementor-section elementor-top-section elementor-element elementor-element-7ee1b5cf elementor-section-stretched elementor-hidden-phone elementor-section-boxed elementor-section-height-default elementor-section-height-default\" data-id=\"7ee1b5cf\" data-element_type=\"section\" data-settings=\"{&quot;stretch_section&quot;:&quot;section-stretched&quot;}\">\n\t\t\t\t\t\t<div class=\"elementor-container elementor-column-gap-default\">\n\t\t\t\t\t<div class=\"elementor-column elementor-col-14 elementor-top-column elementor-element elementor-element-36b00d97\" data-id=\"36b00d97\" data-element_type=\"column\" data-settings=\"{&quot;background_background&quot;:&quot;gradient&quot;}\">\n\t\t\t<div class=\"elementor-widget-wrap elementor-element-populated\">\n\t\t\t\t\t\t<section class=\"elementor-section elementor-inner-section elementor-element elementor-element-5a061f93 elementor-section-full_width elementor-section-height-default elementor-section-height-default\" data-id=\"5a061f93\" data-element_type=\"section\">\n\t\t\t\t\t\t<div class=\"elementor-container elementor-column-gap-default\">\n\t\t\t\t\t<div class=\"elementor-column elementor-col-33 elementor-inner-column elementor-element elementor-element-673896de\" data-id=\"673896de\" data-element_type=\"column\">\n\t\t\t<div class=\"elementor-widget-wrap elementor-element-populated\">\n\t\t\t\t\t\t<div class=\"elementor-element elementor-element-609ef365 elementor-widget elementor-widget-image\" data-id=\"609ef365\" data-element_type=\"widget\" data-widget_type=\"image.default\">\n\t\t\t\t<div class=\"elementor-widget-container\">\n\t\t\t\t\t\t\t\t\t\t\t\t\t\t\t<img decoding=\"async\" src=\"http:\/\/www.pmp-meccanica.it\/wp-content\/uploads\/elementor\/thumbs\/tel-obz0p9958z01ugm0rvjie7sktt5iwctg38a2lm8818.png\" title=\"tel\" alt=\"tel\" loading=\"lazy\" \/>\t\t\t\t\t\t\t\t\t\t\t\t\t\t\t<\/div>\n\t\t\t\t<\/div>\n\t\t\t\t\t<\/div>\n\t\t<\/div>\n\t\t\t\t<div class=\"elementor-column elementor-col-66 elementor-inner-column elementor-element elementor-element-241c341d\" data-id=\"241c341d\" data-element_type=\"column\">\n\t\t\t<div class=\"elementor-widget-wrap elementor-element-populated\">\n\t\t\t\t\t\t<div class=\"elementor-element elementor-element-5beeb89a elementor-widget elementor-widget-heading\" data-id=\"5beeb89a\" data-element_type=\"widget\" data-widget_type=\"heading.default\">\n\t\t\t\t<div class=\"elementor-widget-container\">\n\t\t\t\t\t<h5 class=\"elementor-heading-title elementor-size-default\">Chiamaci<\/h5>\t\t\t\t<\/div>\n\t\t\t\t<\/div>\n\t\t\t\t<div class=\"elementor-element elementor-element-404848a7 elementor-widget elementor-widget-text-editor\" data-id=\"404848a7\" data-element_type=\"widget\" data-widget_type=\"text-editor.default\">\n\t\t\t\t<div class=\"elementor-widget-container\">\n\t\t\t\t\t\t\t\t\t<p>+390516467114<br \/>+39051726560<\/p>\t\t\t\t\t\t\t\t<\/div>\n\t\t\t\t<\/div>\n\t\t\t\t\t<\/div>\n\t\t<\/div>\n\t\t\t\t\t<\/div>\n\t\t<\/section>\n\t\t\t\t\t<\/div>\n\t\t<\/div>\n\t\t\t\t<div class=\"elementor-column elementor-col-14 elementor-top-column elementor-element elementor-element-7053bd33\" data-id=\"7053bd33\" data-element_type=\"column\">\n\t\t\t<div class=\"elementor-widget-wrap\">\n\t\t\t\t\t\t\t<\/div>\n\t\t<\/div>\n\t\t\t\t<div class=\"elementor-column elementor-col-14 elementor-top-column elementor-element elementor-element-671c467d\" data-id=\"671c467d\" data-element_type=\"column\" data-settings=\"{&quot;background_background&quot;:&quot;gradient&quot;}\">\n\t\t\t<div class=\"elementor-widget-wrap elementor-element-populated\">\n\t\t\t\t\t\t<section class=\"elementor-section elementor-inner-section elementor-element elementor-element-42084136 elementor-section-full_width elementor-section-height-default elementor-section-height-default\" data-id=\"42084136\" data-element_type=\"section\">\n\t\t\t\t\t\t<div class=\"elementor-container elementor-column-gap-default\">\n\t\t\t\t\t<div class=\"elementor-column elementor-col-33 elementor-inner-column elementor-element elementor-element-6d4198fc\" data-id=\"6d4198fc\" data-element_type=\"column\">\n\t\t\t<div class=\"elementor-widget-wrap elementor-element-populated\">\n\t\t\t\t\t\t<div class=\"elementor-element elementor-element-2d5da011 elementor-widget elementor-widget-image\" data-id=\"2d5da011\" data-element_type=\"widget\" data-widget_type=\"image.default\">\n\t\t\t\t<div class=\"elementor-widget-container\">\n\t\t\t\t\t\t\t\t\t\t\t\t\t\t\t<img decoding=\"async\" src=\"http:\/\/www.pmp-meccanica.it\/wp-content\/uploads\/elementor\/thumbs\/posto-obz0p7dgvaxh78or2uq9989nn1esgylzeyz3n2b0do.png\" title=\"posto\" alt=\"posto\" loading=\"lazy\" \/>\t\t\t\t\t\t\t\t\t\t\t\t\t\t\t<\/div>\n\t\t\t\t<\/div>\n\t\t\t\t\t<\/div>\n\t\t<\/div>\n\t\t\t\t<div class=\"elementor-column elementor-col-66 elementor-inner-column elementor-element elementor-element-2f9974ad\" data-id=\"2f9974ad\" data-element_type=\"column\">\n\t\t\t<div class=\"elementor-widget-wrap elementor-element-populated\">\n\t\t\t\t\t\t<div class=\"elementor-element elementor-element-5f4bf29d elementor-widget elementor-widget-heading\" data-id=\"5f4bf29d\" data-element_type=\"widget\" data-widget_type=\"heading.default\">\n\t\t\t\t<div class=\"elementor-widget-container\">\n\t\t\t\t\t<h5 class=\"elementor-heading-title elementor-size-default\"><a href=\"http:\/\/www.pmp-meccanica.it\/?page_id=927\" target=\"_blank\">Dove siamo<\/a><\/h5>\t\t\t\t<\/div>\n\t\t\t\t<\/div>\n\t\t\t\t<div class=\"elementor-element elementor-element-21720a61 elementor-widget elementor-widget-spacer\" data-id=\"21720a61\" data-element_type=\"widget\" data-widget_type=\"spacer.default\">\n\t\t\t\t<div class=\"elementor-widget-container\">\n\t\t\t\t\t\t\t<div class=\"elementor-spacer\">\n\t\t\t<div class=\"elementor-spacer-inner\"><\/div>\n\t\t<\/div>\n\t\t\t\t\t\t<\/div>\n\t\t\t\t<\/div>\n\t\t\t\t<div class=\"elementor-element elementor-element-3829d3a8 elementor-widget elementor-widget-text-editor\" data-id=\"3829d3a8\" data-element_type=\"widget\" data-widget_type=\"text-editor.default\">\n\t\t\t\t<div class=\"elementor-widget-container\">\n\t\t\t\t\t\t\t\t\t<p>via Pradazzo 1\/e<br \/>via Masetti 3\/a<br \/>Lippo di Calderara di Reno (Bologna)<\/p>\t\t\t\t\t\t\t\t<\/div>\n\t\t\t\t<\/div>\n\t\t\t\t\t<\/div>\n\t\t<\/div>\n\t\t\t\t\t<\/div>\n\t\t<\/section>\n\t\t\t\t\t<\/div>\n\t\t<\/div>\n\t\t\t\t<div class=\"elementor-column elementor-col-14 elementor-top-column elementor-element elementor-element-5a90a0ff\" data-id=\"5a90a0ff\" data-element_type=\"column\">\n\t\t\t<div class=\"elementor-widget-wrap\">\n\t\t\t\t\t\t\t<\/div>\n\t\t<\/div>\n\t\t\t\t<div class=\"elementor-column elementor-col-14 elementor-top-column elementor-element elementor-element-733bbec9\" data-id=\"733bbec9\" data-element_type=\"column\" data-settings=\"{&quot;background_background&quot;:&quot;gradient&quot;}\">\n\t\t\t<div class=\"elementor-widget-wrap elementor-element-populated\">\n\t\t\t\t\t\t<section class=\"elementor-section elementor-inner-section elementor-element elementor-element-4935877a elementor-section-full_width elementor-section-height-default elementor-section-height-default\" data-id=\"4935877a\" data-element_type=\"section\">\n\t\t\t\t\t\t<div class=\"elementor-container elementor-column-gap-default\">\n\t\t\t\t\t<div class=\"elementor-column elementor-col-33 elementor-inner-column elementor-element elementor-element-489ef453\" data-id=\"489ef453\" data-element_type=\"column\">\n\t\t\t<div class=\"elementor-widget-wrap elementor-element-populated\">\n\t\t\t\t\t\t<div class=\"elementor-element elementor-element-72e77da elementor-widget elementor-widget-image\" data-id=\"72e77da\" data-element_type=\"widget\" data-widget_type=\"image.default\">\n\t\t\t\t<div class=\"elementor-widget-container\">\n\t\t\t\t\t\t\t\t\t\t\t\t\t\t\t<img decoding=\"async\" src=\"http:\/\/www.pmp-meccanica.it\/wp-content\/uploads\/elementor\/thumbs\/posta-obz0pdyc756hgif70fkn8olvsqicyuc3rvji001964.png\" title=\"posta\" alt=\"posta\" loading=\"lazy\" \/>\t\t\t\t\t\t\t\t\t\t\t\t\t\t\t<\/div>\n\t\t\t\t<\/div>\n\t\t\t\t\t<\/div>\n\t\t<\/div>\n\t\t\t\t<div class=\"elementor-column elementor-col-66 elementor-inner-column elementor-element elementor-element-2f165d27\" data-id=\"2f165d27\" data-element_type=\"column\">\n\t\t\t<div class=\"elementor-widget-wrap elementor-element-populated\">\n\t\t\t\t\t\t<div class=\"elementor-element elementor-element-598081c5 elementor-widget elementor-widget-heading\" data-id=\"598081c5\" data-element_type=\"widget\" data-widget_type=\"heading.default\">\n\t\t\t\t<div class=\"elementor-widget-container\">\n\t\t\t\t\t<h5 class=\"elementor-heading-title elementor-size-default\">E-Mail<\/h5>\t\t\t\t<\/div>\n\t\t\t\t<\/div>\n\t\t\t\t<div class=\"elementor-element elementor-element-1bd8eee8 elementor-widget elementor-widget-heading\" data-id=\"1bd8eee8\" data-element_type=\"widget\" data-widget_type=\"heading.default\">\n\t\t\t\t<div class=\"elementor-widget-container\">\n\t\t\t\t\t<p class=\"elementor-heading-title elementor-size-default\"><a href=\"mailto:pmp@pmp-meccanica.it\">pmp@pmp-meccanica.it<\/a><\/p>\t\t\t\t<\/div>\n\t\t\t\t<\/div>\n\t\t\t\t\t<\/div>\n\t\t<\/div>\n\t\t\t\t\t<\/div>\n\t\t<\/section>\n\t\t\t\t\t<\/div>\n\t\t<\/div>\n\t\t\t\t<div class=\"elementor-column elementor-col-14 elementor-top-column elementor-element elementor-element-21f30c41\" data-id=\"21f30c41\" data-element_type=\"column\">\n\t\t\t<div class=\"elementor-widget-wrap\">\n\t\t\t\t\t\t\t<\/div>\n\t\t<\/div>\n\t\t\t\t<div class=\"elementor-column elementor-col-14 elementor-top-column elementor-element elementor-element-2a82b4bc\" data-id=\"2a82b4bc\" data-element_type=\"column\" data-settings=\"{&quot;background_background&quot;:&quot;gradient&quot;}\">\n\t\t\t<div class=\"elementor-widget-wrap elementor-element-populated\">\n\t\t\t\t\t\t<section class=\"elementor-section elementor-inner-section elementor-element elementor-element-61ecaf5b elementor-section-full_width elementor-section-height-default elementor-section-height-default\" data-id=\"61ecaf5b\" data-element_type=\"section\">\n\t\t\t\t\t\t<div class=\"elementor-container elementor-column-gap-default\">\n\t\t\t\t\t<div class=\"elementor-column elementor-col-33 elementor-inner-column elementor-element elementor-element-3beb4c6e\" data-id=\"3beb4c6e\" data-element_type=\"column\">\n\t\t\t<div class=\"elementor-widget-wrap elementor-element-populated\">\n\t\t\t\t\t\t<div class=\"elementor-element elementor-element-2b1495e5 elementor-widget elementor-widget-image\" data-id=\"2b1495e5\" data-element_type=\"widget\" data-widget_type=\"image.default\">\n\t\t\t\t<div class=\"elementor-widget-container\">\n\t\t\t\t\t\t\t\t\t\t\t\t\t\t\t<img decoding=\"async\" src=\"http:\/\/www.pmp-meccanica.it\/wp-content\/uploads\/elementor\/thumbs\/ore-obz0pb4tmn2mhojagwcrj7bi0kw9br0wrhl1k65fos.png\" title=\"ore\" alt=\"ore\" loading=\"lazy\" \/>\t\t\t\t\t\t\t\t\t\t\t\t\t\t\t<\/div>\n\t\t\t\t<\/div>\n\t\t\t\t\t<\/div>\n\t\t<\/div>\n\t\t\t\t<div class=\"elementor-column elementor-col-66 elementor-inner-column elementor-element elementor-element-73adf21a\" data-id=\"73adf21a\" data-element_type=\"column\">\n\t\t\t<div class=\"elementor-widget-wrap elementor-element-populated\">\n\t\t\t\t\t\t<div class=\"elementor-element elementor-element-4d0e05c3 elementor-widget elementor-widget-heading\" data-id=\"4d0e05c3\" data-element_type=\"widget\" data-widget_type=\"heading.default\">\n\t\t\t\t<div class=\"elementor-widget-container\">\n\t\t\t\t\t<h5 class=\"elementor-heading-title elementor-size-default\">Apertura Uffici<\/h5>\t\t\t\t<\/div>\n\t\t\t\t<\/div>\n\t\t\t\t<div class=\"elementor-element elementor-element-34cc36a6 elementor-widget elementor-widget-text-editor\" data-id=\"34cc36a6\" data-element_type=\"widget\" data-widget_type=\"text-editor.default\">\n\t\t\t\t<div class=\"elementor-widget-container\">\n\t\t\t\t\t\t\t\t\t<p>Dal luned\u00ec al venerd\u00ec<br \/>Ore 8-12 13-17<\/p>\t\t\t\t\t\t\t\t<\/div>\n\t\t\t\t<\/div>\n\t\t\t\t\t<\/div>\n\t\t<\/div>\n\t\t\t\t\t<\/div>\n\t\t<\/section>\n\t\t\t\t\t<\/div>\n\t\t<\/div>\n\t\t\t\t\t<\/div>\n\t\t<\/section>\n\t\t\t\t<\/div>\n\t\t","protected":false},"excerpt":{"rendered":"<p>La garanzia della qualit\u00e0 Quello che da sempre identifica sul mercato PMP Meccanica srl \u00e8 la qualit\u00e0 del prodotto.Che si parli di stampaggio lamiera o di lavorazioni meccaniche \u00e8 nostro impegno quotidiano fare in modo che il motto \u201cPossiamo fare<\/p>\n","protected":false},"author":1,"featured_media":0,"parent":370,"menu_order":4,"comment_status":"closed","ping_status":"closed","template":"elementor_header_footer","meta":{"ngg_post_thumbnail":0,"footnotes":""},"class_list":["post-57","page","type-page","status-publish","hentry"],"_links":{"self":[{"href":"http:\/\/www.pmp-meccanica.it\/index.php?rest_route=\/wp\/v2\/pages\/57","targetHints":{"allow":["GET"]}}],"collection":[{"href":"http:\/\/www.pmp-meccanica.it\/index.php?rest_route=\/wp\/v2\/pages"}],"about":[{"href":"http:\/\/www.pmp-meccanica.it\/index.php?rest_route=\/wp\/v2\/types\/page"}],"author":[{"embeddable":true,"href":"http:\/\/www.pmp-meccanica.it\/index.php?rest_route=\/wp\/v2\/users\/1"}],"replies":[{"embeddable":true,"href":"http:\/\/www.pmp-meccanica.it\/index.php?rest_route=%2Fwp%2Fv2%2Fcomments&post=57"}],"version-history":[{"count":51,"href":"http:\/\/www.pmp-meccanica.it\/index.php?rest_route=\/wp\/v2\/pages\/57\/revisions"}],"predecessor-version":[{"id":1851,"href":"http:\/\/www.pmp-meccanica.it\/index.php?rest_route=\/wp\/v2\/pages\/57\/revisions\/1851"}],"up":[{"embeddable":true,"href":"http:\/\/www.pmp-meccanica.it\/index.php?rest_route=\/wp\/v2\/pages\/370"}],"wp:attachment":[{"href":"http:\/\/www.pmp-meccanica.it\/index.php?rest_route=%2Fwp%2Fv2%2Fmedia&parent=57"}],"curies":[{"name":"wp","href":"https:\/\/api.w.org\/{rel}","templated":true}]}}