{"id":913,"date":"2019-10-04T10:38:57","date_gmt":"2019-10-04T08:38:57","guid":{"rendered":"http:\/\/www.pmp-meccanica.it\/?page_id=913"},"modified":"2021-11-18T19:02:58","modified_gmt":"2021-11-18T17:02:58","slug":"chi-siamo","status":"publish","type":"page","link":"http:\/\/www.pmp-meccanica.it\/?page_id=913","title":{"rendered":"Chi siamo"},"content":{"rendered":"\t\t<div data-elementor-type=\"wp-page\" data-elementor-id=\"913\" class=\"elementor elementor-913\">\n\t\t\t\t\t\t<section class=\"elementor-section elementor-top-section elementor-element elementor-element-42621b4a elementor-section-boxed elementor-section-height-default elementor-section-height-default\" data-id=\"42621b4a\" data-element_type=\"section\">\n\t\t\t\t\t\t<div class=\"elementor-container elementor-column-gap-default\">\n\t\t\t\t\t<div class=\"elementor-column elementor-col-100 elementor-top-column elementor-element elementor-element-3d030704\" data-id=\"3d030704\" data-element_type=\"column\">\n\t\t\t<div class=\"elementor-widget-wrap elementor-element-populated\">\n\t\t\t\t\t\t<div class=\"elementor-element elementor-element-13be9b49 elementor-widget elementor-widget-heading\" data-id=\"13be9b49\" data-element_type=\"widget\" data-widget_type=\"heading.default\">\n\t\t\t\t<div class=\"elementor-widget-container\">\n\t\t\t\t\t<h2 class=\"elementor-heading-title elementor-size-xl\">La storia... il futuro<\/h2>\t\t\t\t<\/div>\n\t\t\t\t<\/div>\n\t\t\t\t\t<\/div>\n\t\t<\/div>\n\t\t\t\t\t<\/div>\n\t\t<\/section>\n\t\t\t\t<section class=\"elementor-section elementor-top-section elementor-element elementor-element-52b50a29 elementor-section-full_width elementor-section-height-default elementor-section-height-default\" data-id=\"52b50a29\" data-element_type=\"section\">\n\t\t\t\t\t\t<div class=\"elementor-container elementor-column-gap-default\">\n\t\t\t\t\t<div class=\"elementor-column elementor-col-100 elementor-top-column elementor-element elementor-element-4b8934ec\" data-id=\"4b8934ec\" data-element_type=\"column\">\n\t\t\t<div class=\"elementor-widget-wrap elementor-element-populated\">\n\t\t\t\t\t\t<div class=\"elementor-element elementor-element-2d0f177d elementor-widget-divider--view-line elementor-widget elementor-widget-divider\" data-id=\"2d0f177d\" data-element_type=\"widget\" data-widget_type=\"divider.default\">\n\t\t\t\t<div class=\"elementor-widget-container\">\n\t\t\t\t\t\t\t<div class=\"elementor-divider\">\n\t\t\t<span class=\"elementor-divider-separator\">\n\t\t\t\t\t\t<\/span>\n\t\t<\/div>\n\t\t\t\t\t\t<\/div>\n\t\t\t\t<\/div>\n\t\t\t\t\t<\/div>\n\t\t<\/div>\n\t\t\t\t\t<\/div>\n\t\t<\/section>\n\t\t\t\t<section class=\"elementor-section elementor-top-section elementor-element elementor-element-d6c2270 elementor-section-boxed elementor-section-height-default elementor-section-height-default\" data-id=\"d6c2270\" data-element_type=\"section\">\n\t\t\t\t\t\t<div class=\"elementor-container elementor-column-gap-default\">\n\t\t\t\t\t<div class=\"elementor-column elementor-col-100 elementor-top-column elementor-element elementor-element-9691d89\" data-id=\"9691d89\" data-element_type=\"column\">\n\t\t\t<div class=\"elementor-widget-wrap elementor-element-populated\">\n\t\t\t\t\t\t<div class=\"elementor-element elementor-element-3cb7c66 elementor-widget elementor-widget-text-editor\" data-id=\"3cb7c66\" data-element_type=\"widget\" data-widget_type=\"text-editor.default\">\n\t\t\t\t<div class=\"elementor-widget-container\">\n\t\t\t\t\t\t\t\t\t<p style=\"text-align: left;\">PMP Meccanica \u00e8 un\u2019azienda con sede a Lippo di Calderara in provincia di Bologna.<br \/>Viene fondata da Adriano Pancaldi nel 1958 iniziando con la costruzione di punzoni sagomati per tranciatura conto terzi e nel 1963 con Marziano Pancaldi diventa PMP Meccanica.<br \/>Con gli anni l\u2019esperienza aumenta e per ridurre i tempi di fornitura e di lavorazione esterna inizia ad attrezzarsi internamente per la produzione di stampi perfezionandone la qualit\u00e0.<br \/>Progressivamente questa parte di attrezzeria si evolve consentendo anche la produzione per terzi allargando il proprio campo d\u2019azione a particolari per molteplici settori quali aeronautico, motoristico, racing, medicale, packaging, elettromeccanico.<br \/>Ad oggi si \u00e8 giunti alla quarta generazione imprenditoriale e l\u2019organico \u00e8 composto da 50 collaboratori fortemente specializzati nei vari ambiti di competenza e grazie ad un parco macchine all\u2019avanguardia e a validi collaboratori, PMP Meccanica \u00e8 leader nel settore della meccanica di precisione e nella tranciatura di alta qualit\u00e0.<br \/>La filosofia cardine della PMP Meccanica \u00e8 sinteticamente espressa dal nostro mantra \u201cPossiamo fare tutto ci\u00f2 che possiamo misurare\u201d, \u00e8 dunque evidente la necessit\u00e0 di avere un controllo qualit\u00e0 costante durante l\u2019intero processo produttivo in modo da garantire la conformit\u00e0 dei particolari secondo le specifiche tecniche fornite.<br \/>Un alto grado di ingegnerizzazione, cicli produttivi efficienti e alti standard qualitativi hanno un unico scopo, la soddisfazione del cliente.<br \/>Grazie all&#8217;esperienza maturata nel corso degli anni ci proponiamo non solo come partner realizzativi dei vostri particolari, ma anche come possibile risorsa progettuale degli stessi. <br \/>Il nostro obiettivo \u00e8 quello che i giapponesi di Toyota hanno identificato con il termine Kaizen, in italiano &#8220;miglioramento continuo&#8221;.<br \/>Affrontare e superare ogni giorno le criticit\u00e0 realizzative e progettuali ci permette di acquisire conoscenza e metodo per essere validi alleati dei nostri committenti nelle loro sfide, cos\u00ec che la relazione cliente-fornitore diventi una vera e propria partnership grazie alla quale migliorare e crescere insieme.<\/p>\t\t\t\t\t\t\t\t<\/div>\n\t\t\t\t<\/div>\n\t\t\t\t\t<\/div>\n\t\t<\/div>\n\t\t\t\t\t<\/div>\n\t\t<\/section>\n\t\t\t\t<section class=\"elementor-section elementor-top-section elementor-element elementor-element-2791542 elementor-section-boxed elementor-section-height-default elementor-section-height-default\" data-id=\"2791542\" data-element_type=\"section\">\n\t\t\t\t\t\t<div class=\"elementor-container elementor-column-gap-default\">\n\t\t\t\t\t<div class=\"elementor-column elementor-col-100 elementor-top-column elementor-element elementor-element-163bb15\" data-id=\"163bb15\" data-element_type=\"column\">\n\t\t\t<div class=\"elementor-widget-wrap elementor-element-populated\">\n\t\t\t\t\t\t<div class=\"elementor-element elementor-element-e0a85fe elementor-widget elementor-widget-image\" data-id=\"e0a85fe\" data-element_type=\"widget\" data-widget_type=\"image.default\">\n\t\t\t\t<div class=\"elementor-widget-container\">\n\t\t\t\t\t\t\t\t\t\t\t\t\t\t\t<img decoding=\"async\" src=\"http:\/\/www.pmp-meccanica.it\/wp-content\/uploads\/elementor\/thumbs\/PMP_1963_55_anni-e1637253823300-pg95gcuveislwi0s0uux7r41adigqac7npt2no5c00.jpg\" title=\"PMP_1963_55_anni\" alt=\"PMP_1963_55_anni\" loading=\"lazy\" \/>\t\t\t\t\t\t\t\t\t\t\t\t\t\t\t<\/div>\n\t\t\t\t<\/div>\n\t\t\t\t\t<\/div>\n\t\t<\/div>\n\t\t\t\t\t<\/div>\n\t\t<\/section>\n\t\t\t\t<section class=\"elementor-section elementor-top-section elementor-element elementor-element-ccd78d elementor-section-boxed elementor-section-height-default elementor-section-height-default\" data-id=\"ccd78d\" data-element_type=\"section\">\n\t\t\t\t\t\t<div class=\"elementor-container elementor-column-gap-default\">\n\t\t\t\t\t<div class=\"elementor-column elementor-col-100 elementor-top-column elementor-element elementor-element-580748c7\" data-id=\"580748c7\" data-element_type=\"column\">\n\t\t\t<div class=\"elementor-widget-wrap elementor-element-populated\">\n\t\t\t\t\t\t<div class=\"elementor-element elementor-element-a4b8372 elementor-widget elementor-widget-spacer\" data-id=\"a4b8372\" data-element_type=\"widget\" data-widget_type=\"spacer.default\">\n\t\t\t\t<div class=\"elementor-widget-container\">\n\t\t\t\t\t\t\t<div class=\"elementor-spacer\">\n\t\t\t<div class=\"elementor-spacer-inner\"><\/div>\n\t\t<\/div>\n\t\t\t\t\t\t<\/div>\n\t\t\t\t<\/div>\n\t\t\t\t\t<\/div>\n\t\t<\/div>\n\t\t\t\t\t<\/div>\n\t\t<\/section>\n\t\t\t\t<section class=\"elementor-section elementor-top-section elementor-element elementor-element-50d8784c elementor-section-stretched elementor-hidden-phone elementor-section-boxed elementor-section-height-default elementor-section-height-default\" data-id=\"50d8784c\" data-element_type=\"section\" data-settings=\"{&quot;stretch_section&quot;:&quot;section-stretched&quot;}\">\n\t\t\t\t\t\t<div class=\"elementor-container elementor-column-gap-default\">\n\t\t\t\t\t<div class=\"elementor-column elementor-col-14 elementor-top-column elementor-element elementor-element-3377a47a\" data-id=\"3377a47a\" data-element_type=\"column\" data-settings=\"{&quot;background_background&quot;:&quot;gradient&quot;}\">\n\t\t\t<div class=\"elementor-widget-wrap elementor-element-populated\">\n\t\t\t\t\t\t<section class=\"elementor-section elementor-inner-section elementor-element elementor-element-22337f37 elementor-section-full_width elementor-section-height-default elementor-section-height-default\" data-id=\"22337f37\" data-element_type=\"section\">\n\t\t\t\t\t\t<div class=\"elementor-container elementor-column-gap-default\">\n\t\t\t\t\t<div class=\"elementor-column elementor-col-33 elementor-inner-column elementor-element elementor-element-45dc23c\" data-id=\"45dc23c\" data-element_type=\"column\">\n\t\t\t<div class=\"elementor-widget-wrap elementor-element-populated\">\n\t\t\t\t\t\t<div class=\"elementor-element elementor-element-77df4200 elementor-widget elementor-widget-image\" data-id=\"77df4200\" data-element_type=\"widget\" data-widget_type=\"image.default\">\n\t\t\t\t<div class=\"elementor-widget-container\">\n\t\t\t\t\t\t\t\t\t\t\t\t\t\t\t<img decoding=\"async\" src=\"http:\/\/www.pmp-meccanica.it\/wp-content\/uploads\/elementor\/thumbs\/tel-obz0p9958z01ugm0rvjie7sktt5iwctg38a2lm8818.png\" title=\"tel\" alt=\"tel\" loading=\"lazy\" \/>\t\t\t\t\t\t\t\t\t\t\t\t\t\t\t<\/div>\n\t\t\t\t<\/div>\n\t\t\t\t\t<\/div>\n\t\t<\/div>\n\t\t\t\t<div class=\"elementor-column elementor-col-66 elementor-inner-column elementor-element elementor-element-151e03c\" data-id=\"151e03c\" data-element_type=\"column\">\n\t\t\t<div class=\"elementor-widget-wrap elementor-element-populated\">\n\t\t\t\t\t\t<div class=\"elementor-element elementor-element-33d96fa8 elementor-widget elementor-widget-heading\" data-id=\"33d96fa8\" data-element_type=\"widget\" data-widget_type=\"heading.default\">\n\t\t\t\t<div class=\"elementor-widget-container\">\n\t\t\t\t\t<h5 class=\"elementor-heading-title elementor-size-default\">Chiamaci<\/h5>\t\t\t\t<\/div>\n\t\t\t\t<\/div>\n\t\t\t\t<div class=\"elementor-element elementor-element-79ae1d83 elementor-widget elementor-widget-text-editor\" data-id=\"79ae1d83\" data-element_type=\"widget\" data-widget_type=\"text-editor.default\">\n\t\t\t\t<div class=\"elementor-widget-container\">\n\t\t\t\t\t\t\t\t\t<p>+390516467114<br \/>+39051726560<\/p>\t\t\t\t\t\t\t\t<\/div>\n\t\t\t\t<\/div>\n\t\t\t\t\t<\/div>\n\t\t<\/div>\n\t\t\t\t\t<\/div>\n\t\t<\/section>\n\t\t\t\t\t<\/div>\n\t\t<\/div>\n\t\t\t\t<div class=\"elementor-column elementor-col-14 elementor-top-column elementor-element elementor-element-6299daf8\" data-id=\"6299daf8\" data-element_type=\"column\">\n\t\t\t<div class=\"elementor-widget-wrap\">\n\t\t\t\t\t\t\t<\/div>\n\t\t<\/div>\n\t\t\t\t<div class=\"elementor-column elementor-col-14 elementor-top-column elementor-element elementor-element-28ddc534\" data-id=\"28ddc534\" data-element_type=\"column\" data-settings=\"{&quot;background_background&quot;:&quot;gradient&quot;}\">\n\t\t\t<div class=\"elementor-widget-wrap elementor-element-populated\">\n\t\t\t\t\t\t<section class=\"elementor-section elementor-inner-section elementor-element elementor-element-254bb443 elementor-section-full_width elementor-section-height-default elementor-section-height-default\" data-id=\"254bb443\" data-element_type=\"section\">\n\t\t\t\t\t\t<div class=\"elementor-container elementor-column-gap-default\">\n\t\t\t\t\t<div class=\"elementor-column elementor-col-33 elementor-inner-column elementor-element elementor-element-32362b15\" data-id=\"32362b15\" data-element_type=\"column\">\n\t\t\t<div class=\"elementor-widget-wrap elementor-element-populated\">\n\t\t\t\t\t\t<div class=\"elementor-element elementor-element-5dec34b9 elementor-widget elementor-widget-image\" data-id=\"5dec34b9\" data-element_type=\"widget\" data-widget_type=\"image.default\">\n\t\t\t\t<div class=\"elementor-widget-container\">\n\t\t\t\t\t\t\t\t\t\t\t\t\t\t\t<img decoding=\"async\" src=\"http:\/\/www.pmp-meccanica.it\/wp-content\/uploads\/elementor\/thumbs\/posto-obz0p7dgvaxh78or2uq9989nn1esgylzeyz3n2b0do.png\" title=\"posto\" alt=\"posto\" loading=\"lazy\" \/>\t\t\t\t\t\t\t\t\t\t\t\t\t\t\t<\/div>\n\t\t\t\t<\/div>\n\t\t\t\t\t<\/div>\n\t\t<\/div>\n\t\t\t\t<div class=\"elementor-column elementor-col-66 elementor-inner-column elementor-element elementor-element-363f00da\" data-id=\"363f00da\" data-element_type=\"column\">\n\t\t\t<div class=\"elementor-widget-wrap elementor-element-populated\">\n\t\t\t\t\t\t<div class=\"elementor-element elementor-element-37a561ba elementor-widget elementor-widget-heading\" data-id=\"37a561ba\" data-element_type=\"widget\" data-widget_type=\"heading.default\">\n\t\t\t\t<div class=\"elementor-widget-container\">\n\t\t\t\t\t<h5 class=\"elementor-heading-title elementor-size-default\"><a href=\"http:\/\/www.pmp-meccanica.it\/?page_id=927\" target=\"_blank\">Dove siamo<\/a><\/h5>\t\t\t\t<\/div>\n\t\t\t\t<\/div>\n\t\t\t\t<div class=\"elementor-element elementor-element-f19782d elementor-widget elementor-widget-text-editor\" data-id=\"f19782d\" data-element_type=\"widget\" data-widget_type=\"text-editor.default\">\n\t\t\t\t<div class=\"elementor-widget-container\">\n\t\t\t\t\t\t\t\t\t<p>via Pradazzo 1\/e<br \/>via Masetti 3\/a<br \/>Lippo di Calderara di Reno (Bologna)<\/p>\t\t\t\t\t\t\t\t<\/div>\n\t\t\t\t<\/div>\n\t\t\t\t\t<\/div>\n\t\t<\/div>\n\t\t\t\t\t<\/div>\n\t\t<\/section>\n\t\t\t\t\t<\/div>\n\t\t<\/div>\n\t\t\t\t<div class=\"elementor-column elementor-col-14 elementor-top-column elementor-element elementor-element-4f4c1339\" data-id=\"4f4c1339\" data-element_type=\"column\">\n\t\t\t<div class=\"elementor-widget-wrap\">\n\t\t\t\t\t\t\t<\/div>\n\t\t<\/div>\n\t\t\t\t<div class=\"elementor-column elementor-col-14 elementor-top-column elementor-element elementor-element-31201a42\" data-id=\"31201a42\" data-element_type=\"column\" data-settings=\"{&quot;background_background&quot;:&quot;gradient&quot;}\">\n\t\t\t<div class=\"elementor-widget-wrap elementor-element-populated\">\n\t\t\t\t\t\t<section class=\"elementor-section elementor-inner-section elementor-element elementor-element-63a6454 elementor-section-full_width elementor-section-height-default elementor-section-height-default\" data-id=\"63a6454\" data-element_type=\"section\">\n\t\t\t\t\t\t<div class=\"elementor-container elementor-column-gap-default\">\n\t\t\t\t\t<div class=\"elementor-column elementor-col-33 elementor-inner-column elementor-element elementor-element-6784c784\" data-id=\"6784c784\" data-element_type=\"column\">\n\t\t\t<div class=\"elementor-widget-wrap elementor-element-populated\">\n\t\t\t\t\t\t<div class=\"elementor-element elementor-element-45d7a994 elementor-widget elementor-widget-image\" data-id=\"45d7a994\" data-element_type=\"widget\" data-widget_type=\"image.default\">\n\t\t\t\t<div class=\"elementor-widget-container\">\n\t\t\t\t\t\t\t\t\t\t\t\t\t\t\t<img decoding=\"async\" src=\"http:\/\/www.pmp-meccanica.it\/wp-content\/uploads\/elementor\/thumbs\/posta-obz0pdyc756hgif70fkn8olvsqicyuc3rvji001964.png\" title=\"posta\" alt=\"posta\" loading=\"lazy\" \/>\t\t\t\t\t\t\t\t\t\t\t\t\t\t\t<\/div>\n\t\t\t\t<\/div>\n\t\t\t\t\t<\/div>\n\t\t<\/div>\n\t\t\t\t<div class=\"elementor-column elementor-col-66 elementor-inner-column elementor-element elementor-element-57a5665d\" data-id=\"57a5665d\" data-element_type=\"column\">\n\t\t\t<div class=\"elementor-widget-wrap elementor-element-populated\">\n\t\t\t\t\t\t<div class=\"elementor-element elementor-element-5ff4906 elementor-widget elementor-widget-heading\" data-id=\"5ff4906\" data-element_type=\"widget\" data-widget_type=\"heading.default\">\n\t\t\t\t<div class=\"elementor-widget-container\">\n\t\t\t\t\t<h5 class=\"elementor-heading-title elementor-size-default\">E-Mail<\/h5>\t\t\t\t<\/div>\n\t\t\t\t<\/div>\n\t\t\t\t<div class=\"elementor-element elementor-element-35d1bc86 elementor-widget elementor-widget-heading\" data-id=\"35d1bc86\" data-element_type=\"widget\" data-widget_type=\"heading.default\">\n\t\t\t\t<div class=\"elementor-widget-container\">\n\t\t\t\t\t<p class=\"elementor-heading-title elementor-size-default\"><a href=\"mailto:pmp@pmp-meccanica.it\">pmp@pmp-meccanica.it<\/a><\/p>\t\t\t\t<\/div>\n\t\t\t\t<\/div>\n\t\t\t\t\t<\/div>\n\t\t<\/div>\n\t\t\t\t\t<\/div>\n\t\t<\/section>\n\t\t\t\t\t<\/div>\n\t\t<\/div>\n\t\t\t\t<div class=\"elementor-column elementor-col-14 elementor-top-column elementor-element elementor-element-7964f405\" data-id=\"7964f405\" data-element_type=\"column\">\n\t\t\t<div class=\"elementor-widget-wrap\">\n\t\t\t\t\t\t\t<\/div>\n\t\t<\/div>\n\t\t\t\t<div class=\"elementor-column elementor-col-14 elementor-top-column elementor-element elementor-element-4905dc7a\" data-id=\"4905dc7a\" data-element_type=\"column\" data-settings=\"{&quot;background_background&quot;:&quot;gradient&quot;}\">\n\t\t\t<div class=\"elementor-widget-wrap elementor-element-populated\">\n\t\t\t\t\t\t<section class=\"elementor-section elementor-inner-section elementor-element elementor-element-a172ca3 elementor-section-full_width elementor-section-height-default elementor-section-height-default\" data-id=\"a172ca3\" data-element_type=\"section\">\n\t\t\t\t\t\t<div class=\"elementor-container elementor-column-gap-default\">\n\t\t\t\t\t<div class=\"elementor-column elementor-col-33 elementor-inner-column elementor-element elementor-element-e27b18d\" data-id=\"e27b18d\" data-element_type=\"column\">\n\t\t\t<div class=\"elementor-widget-wrap elementor-element-populated\">\n\t\t\t\t\t\t<div class=\"elementor-element elementor-element-7745bf7b elementor-widget elementor-widget-image\" data-id=\"7745bf7b\" data-element_type=\"widget\" data-widget_type=\"image.default\">\n\t\t\t\t<div class=\"elementor-widget-container\">\n\t\t\t\t\t\t\t\t\t\t\t\t\t\t\t<img decoding=\"async\" src=\"http:\/\/www.pmp-meccanica.it\/wp-content\/uploads\/elementor\/thumbs\/ore-obz0pb4tmn2mhojagwcrj7bi0kw9br0wrhl1k65fos.png\" title=\"ore\" alt=\"ore\" loading=\"lazy\" \/>\t\t\t\t\t\t\t\t\t\t\t\t\t\t\t<\/div>\n\t\t\t\t<\/div>\n\t\t\t\t\t<\/div>\n\t\t<\/div>\n\t\t\t\t<div class=\"elementor-column elementor-col-66 elementor-inner-column elementor-element elementor-element-512cace\" data-id=\"512cace\" data-element_type=\"column\">\n\t\t\t<div class=\"elementor-widget-wrap elementor-element-populated\">\n\t\t\t\t\t\t<div class=\"elementor-element elementor-element-428e32a elementor-widget elementor-widget-heading\" data-id=\"428e32a\" data-element_type=\"widget\" data-widget_type=\"heading.default\">\n\t\t\t\t<div class=\"elementor-widget-container\">\n\t\t\t\t\t<h5 class=\"elementor-heading-title elementor-size-default\">Apertura Uffici<\/h5>\t\t\t\t<\/div>\n\t\t\t\t<\/div>\n\t\t\t\t<div class=\"elementor-element elementor-element-4befb40c elementor-widget elementor-widget-text-editor\" data-id=\"4befb40c\" data-element_type=\"widget\" data-widget_type=\"text-editor.default\">\n\t\t\t\t<div class=\"elementor-widget-container\">\n\t\t\t\t\t\t\t\t\t<p>Dal luned\u00ec al venerd\u00ec<br \/>Ore 8-12 13-17<\/p>\t\t\t\t\t\t\t\t<\/div>\n\t\t\t\t<\/div>\n\t\t\t\t\t<\/div>\n\t\t<\/div>\n\t\t\t\t\t<\/div>\n\t\t<\/section>\n\t\t\t\t\t<\/div>\n\t\t<\/div>\n\t\t\t\t\t<\/div>\n\t\t<\/section>\n\t\t\t\t<\/div>\n\t\t","protected":false},"excerpt":{"rendered":"<p>La storia&#8230; il futuro PMP Meccanica \u00e8 un\u2019azienda con sede a Lippo di Calderara in provincia di Bologna.Viene fondata da Adriano Pancaldi nel 1958 iniziando con la costruzione di punzoni sagomati per tranciatura conto terzi e nel 1963 con Marziano<\/p>\n","protected":false},"author":1,"featured_media":0,"parent":370,"menu_order":1,"comment_status":"closed","ping_status":"closed","template":"elementor_header_footer","meta":{"ngg_post_thumbnail":0,"footnotes":""},"class_list":["post-913","page","type-page","status-publish","hentry"],"_links":{"self":[{"href":"http:\/\/www.pmp-meccanica.it\/index.php?rest_route=\/wp\/v2\/pages\/913","targetHints":{"allow":["GET"]}}],"collection":[{"href":"http:\/\/www.pmp-meccanica.it\/index.php?rest_route=\/wp\/v2\/pages"}],"about":[{"href":"http:\/\/www.pmp-meccanica.it\/index.php?rest_route=\/wp\/v2\/types\/page"}],"author":[{"embeddable":true,"href":"http:\/\/www.pmp-meccanica.it\/index.php?rest_route=\/wp\/v2\/users\/1"}],"replies":[{"embeddable":true,"href":"http:\/\/www.pmp-meccanica.it\/index.php?rest_route=%2Fwp%2Fv2%2Fcomments&post=913"}],"version-history":[{"count":36,"href":"http:\/\/www.pmp-meccanica.it\/index.php?rest_route=\/wp\/v2\/pages\/913\/revisions"}],"predecessor-version":[{"id":1691,"href":"http:\/\/www.pmp-meccanica.it\/index.php?rest_route=\/wp\/v2\/pages\/913\/revisions\/1691"}],"up":[{"embeddable":true,"href":"http:\/\/www.pmp-meccanica.it\/index.php?rest_route=\/wp\/v2\/pages\/370"}],"wp:attachment":[{"href":"http:\/\/www.pmp-meccanica.it\/index.php?rest_route=%2Fwp%2Fv2%2Fmedia&parent=913"}],"curies":[{"name":"wp","href":"https:\/\/api.w.org\/{rel}","templated":true}]}}